{"id":2900,"date":"2019-12-24T11:24:17","date_gmt":"2019-12-24T11:24:17","guid":{"rendered":"https:\/\/avocat-montreal.ca\/?page_id=2900"},"modified":"2023-05-07T10:22:28","modified_gmt":"2023-05-07T10:22:28","slug":"privacy-policy","status":"publish","type":"page","link":"https:\/\/avocat-montreal.ca\/en\/privacy-policy\/","title":{"rendered":"Privacy Policy"},"content":{"rendered":"\n<p>Your privacy is\nprivacy is important to us. To better protect your privacy,\nwe provide this privacy policy to explain our online information\ninformation practices and the choices you can make about the way your information is\ninformation is collected and processed.<\/p>\n\n\n\n<p>This privacy policy applies to all information collected or submitted to Avocat Montreal.<\/p>\n\n\n\n<p>Lawyer\nMontreal, whose head office is located at 1219 harwood street, Vancouver, is\nresponsible for processing your personal data for the purposes described below\ndescribed below.<\/p>\n\n\n\n<p><strong>1. What\npersonal data is collected about you?<\/strong><\/p>\n\n\n\n<p>Avocat Montreal offers a number of services, including our search features, that do not require you to open an account or provide us with personal information. In order to provide our full range of services, we may collect the following types of information:<\/p>\n\n\n\n<p><strong>1.1\nInformation you provide to us<\/strong><\/p>\n\n\n\n<p>When you\nsubscribe to Avocat Montr\u00e9al or other Avocat Montr\u00e9al services or promotions that require\nPromotions that require registration, Avocat Montreal collects personal information\npersonal information about you. The main categories of data collected are\ncollected are: your name, company\/corporation name, e-mail address, telephone\naddress, telephone number, state (if based in the United States), country, city and the\ncontent of the message you send with your request.<\/p>\n\n\n\n<p>When you\nsend Avocat Montr\u00e9al an e-mail or other communication, the content of your message and\nyour message and our response are collected.<\/p>\n\n\n\n<p>For\ncertain goods or services, you may also provide us with payment information that will be\nwhich will be encrypted and stored securely on our servers.<\/p>\n\n\n\n<p><strong>1.2\nLog Information<\/strong><\/p>\n\n\n\n<p>When you\nuse Avocat Montr\u00e9al&#8217;s services our servers automatically record information\nautomatically the information that your browser sends each time you visit our\nyou visit our website. The main categories of data collected are\ncollected are: the web request, the date and time of the request, the\nIP address, browser type, browser language.<\/p>\n\n\n\n<p>Lawyer\nMontreal also uses cookies and other tracking technologies. You\ncan learn more about this in our cookie policy.<\/p>\n\n\n\n<p>Lawyer\nMontreal places links on its website in a format that allows it to know if those links have been\nknow if these links have been followed.<\/p>\n\n\n\n<p><strong>1.3 Other\ninformation collected about you<\/strong><\/p>\n\n\n\n<p>Lawyer\nMontreal is soliciting nominations, votes and comments on potential and existing\npotential and existing candidates for inclusion in our database of leading lawyers, expert referrals and\ndatabase of prominent lawyers, expert referrals and other service providers\nservice providers.<\/p>\n\n\n\n<p><strong>Site Nominations:<\/strong> Your personal information will be shared with Avocat Montr\u00e9al by third parties (clients, lawyers, marketing teams, other referrals). The main categories of data collected about you are: your name, gender, business suffix, specialty, company name, address, country, city, state, zip code, fax number and e-mail address. The person appointing you may also choose to provide your company&#8217;s phone number, your phone number and a link to the company&#8217;s website.<\/p>\n\n\n\n<p>If you appoint a lawyer: Montreal Lawyer also collects personal information about you. The main categories of data collected are: your name, company name, full address, position\/title, e-mail address. <\/p>\n\n\n\n<p><strong>Websites\naffiliated with<\/strong> \nMontreal Lawyer <strong>:<\/strong> Montreal Lawyer provides services in\nservices in connection with other websites. The personal information you provide to these\nwebsites may be sent to Montreal Lawyer for the purposes described below\ndescribed below. If you would like more information about the personal information you\npersonal information you may provide to these websites, please refer to their\nconsult their privacy policies.<\/p>\n\n\n\n<p><strong>2. What\nare the purposes of the processing and what are the legal bases?<\/strong><\/p>\n\n\n\n<p>Lawyer\nMontreal processes personal information only for the purposes for which it was\nfor which it was collected. We periodically review our data collection\ncollection, storage and processing practices to ensure that we only collect, store and\nensure that we collect, store and process only the personal information that is necessary to\nnecessary to provide or improve our services.<\/p>\n\n\n\n<p>Your personal data is\npersonal data is processed for the following purposes and in accordance with the legal bases\nset out below:<\/p>\n\n\n\n<p><strong>Options for\npersonal information<\/strong><\/p>\n\n\n\n<p>When you\nsign up for a particular service that requires registration, we ask you to provide\nask you to provide personal information. If we use\nthis information in a manner different from the purpose for which it was collected, we will\ncollected, we will ask for your consent before such use\nuse.<\/p>\n\n\n\n<p>If we\npropose to use personal information for purposes other than those described in this\ndescribed in this policy and\/or in the specific service notices, we will provide you with a\nservice notices, we will provide you with an effective way to opt out of the use of\npersonal information for those other purposes. We will not collect or\nuse sensitive information for purposes other than those described in this policy and\/or\npolicy and\/or specific service notices, unless we have obtained your prior consent\nwe have obtained your prior consent.<\/p>\n\n\n\n<p>You may\ndecline to submit personal information to any of our services,\nin which case Montreal Lawyer may not be able to provide you with those\nservices to you.<\/p>\n\n\n\n<p><strong>3. Who is\nyour information?<\/strong><\/p>\n\n\n\n<p>Your information will be\nwill be used by authorized employees of Avocat Montr\u00e9al when necessary to fulfill the\nnecessary to fulfill the purposes listed above.<\/p>\n\n\n\n<p>Lawyer\nMontreal also shares your data with its authorized subcontractors in the following categories\nthe following categories:<\/p>\n\n\n\n<ul class=\"wp-block-list\">\n<li>Media Partners: Avocat Montreal may provide your information for the purpose of publicizing the Avocat Montreal ranking to various regional and global media partners.<\/li>\n\n\n\n<li>Publication Partners: Avocat Montr\u00e9al may provide your information for the purpose of publishing our Avocat Montr\u00e9al rankings in an Avocat Montr\u00e9al magazine or book.<\/li>\n<\/ul>\n\n\n\n<p>Lawyer\nMontreal may disclose the information it collects about you if required to do so by\nrequired by applicable law or to comply with a court order or an order from a public\norder of a public authority.<\/p>\n\n\n\n<p><strong>For EU residents,<\/strong> any disclosure will be made in accordance with applicable data protection laws and the General Data Protection Regulation (Regulation (EU) 2016\/679) for EU residents to ensure that Avocat Montreal provides an adequate level of protection for your personal data. <\/p>\n\n\n\n<p><strong>4. Security<\/strong><\/p>\n\n\n\n<p>Lawyer\nMontreal will implement appropriate technical and organizational measures to ensure an\nappropriate level of security for the risk involved and to protect your personal\nand to protect your personal information from unauthorized access, disclosure\nunauthorized access, disclosure, alteration or destruction.<\/p>\n\n\n\n<p><strong>5. What are your rights? How can you exercise them?<\/strong><\/p>\n\n\n\n<p>Lawyer\nMontreal makes every commercially reasonable effort to ensure that changes to\nthat changes to the biographies of lawyers, experts and service\nservice providers are updated in a timely manner, provided that the request for\nthe request for changes is made in writing and signed by a lawyer, expert or service\nexpert or service provider. or his or her firm contact.<\/p>\n\n\n\n<p>Lawyer\nMontreal will make a good faith effort to provide you with access to your personal\npersonal information and to correct such data if it is inaccurate or to delete such data\nat your request if it is not otherwise required to be retained by law or\notherwise required to be retained by law or for legitimate business purposes.<\/p>\n\n\n\n<p>We\nrequire each user to identify himself or herself and the information\nrequested to be viewed, corrected or deleted before processing such requests, and we\nrequests, and we may refuse to process requests that are unreasonably repetitive or\nunreasonably repetitive or systematic, require a disproportionate technical effort\ndisproportionate effort, endanger the privacy of others, or would be\nextremely impractical (for example, requests for information residing on backup tapes)\ninformation residing on backup tapes), or for which access is not otherwise required\notherwise required.<\/p>\n\n\n\n<p>In all cases\ncases where we provide access to information and correction, we provide this service free of charge\nprovide this service free of charge, unless it would require a disproportionate effort\ndisproportionate effort. Some of our services have different procedures\nto access, correct or delete users&#8217; personal information\ninformation. We provide details of these procedures in the specific\nspecific privacy policy or FAQ for those services.<\/p>\n\n\n\n<p>For EU\nresidents of the EU: please refer to Section 6 below for more information on your\ninformation about your rights under the General Data Protection Regulation (Regulation (EU)\nregulation (EU) 2016\/679) (&#8220;GDPR&#8221;).<\/p>\n\n\n\n<p><strong>6. For\nresidents of the European Union only<\/strong><\/p>\n\n\n\n<p>In addition to the\nthe above, please find below the information that applies\nresidents of the European Union only under applicable data protection law\napplicable data protection law, including the General Data Protection Regulation (&#8220;GDPR&#8221;)\ndata Protection Regulation (&#8220;GDPR&#8221;).<\/p>\n\n\n\n<p><strong>6.1 What are your\nrights do you have?<\/strong><\/p>\n\n\n\n<p>Under the\napplicable European data protection law, in particular the General Data Protection\ngeneral Data Protection Regulation (&#8220;GDPR&#8221;), you have a number of rights regarding\nrights regarding your personal data. These rights\nare as follows:<\/p>\n\n\n\n<ul class=\"wp-block-list\">\n<li><strong>Right of access<\/strong> &#8211; You may request to see the personal information held by Avocat Montreal about you. As part of a request, we may ask for specific information about you to enable us to confirm your identity and right of access, and to search for and provide you with the personal information held by Avocat Montr\u00e9al about you. In the event that we are unable to provide you with access to your personal information (for example, personal information may have been destroyed, erased or made anonymous), we will inform you of the reasons why.<\/li>\n\n\n\n<li><strong>Correcting or Deleting Personal Information<\/strong> &#8211; Montreal Lawyer takes great care to ensure that the personal information we hold is accurate, current and complete. If you believe that the personal information Avocat Montreal has on file for you is incorrect, inaccurate, incomplete or out of date, you may request a review or correction of that information. If it is determined that the personal information is inaccurate, incomplete or out of date, we will revise it.<\/li>\n\n\n\n<li><strong>Withdrawal of Consent<\/strong> &#8211; If you have given your consent for the processing of your data, you have the right to withdraw that consent at any time, which will not affect the lawfulness of the processing prior to the withdrawal of your consent.<\/li>\n\n\n\n<li><strong>Objection to processing<\/strong> &#8211; You have the right to object to the processing of your personal data, including profiling, on grounds relating to your particular circumstances in accordance with the Data Protection Act. Where profiling is related to direct marketing, you always have the right to object to profiling.<\/li>\n\n\n\n<li><strong>Restriction of processing<\/strong> &#8211; You have the right to obtain from us a restriction of processing in certain cases in accordance with the Data Protection Act.<\/li>\n\n\n\n<li><strong>Right to data portability<\/strong> &#8211; You have the right to receive the personal data you have provided to us in a structured, commonly used and machine-readable format where the processing is based on your consent or on a contract. You also have the right to ask us to transfer it to another data controller of your choice.<\/li>\n\n\n\n<li><strong>Complaints<\/strong> &#8211; You have the right to lodge a complaint with the Data Protection Authority in the country where you live or work, if you believe that Avocat Montreal has not complied with the requirements of the GDPR in relation to your personal data.<\/li>\n<\/ul>\n\n\n\n<p><strong>6.2 How long will\nwill your personal data be retained?<\/strong><\/p>\n\n\n\n<p>We\nretain your personal information in a form that identifies you for as long as it is necessary for the\nas long as it serves the purposes for which the information was originally collected, as set out in the\noriginally collected, as set out in this Privacy Policy, or as permitted thereafter\npolicy, or as otherwise permitted thereafter. We may continue to\nprocess your personal information for longer periods of time, but only for the time and\nonly for so long and to the extent that such processing reasonably serves the\nreasonably serves the purposes of archiving in the public interest, journalism\njournalism, literature and art, scientific or historical research and statistical\nand statistical analysis, and subject to the protection of this Privacy Policy\nprivacy policy. Where we have no legitimate business need\nto process your personal information, we will delete or anonymize it, or, if\nanonymize it, or, if that is not possible (for example,<\/p>\n\n\n\n<p><strong>7.\nApplication<\/strong><\/p>\n\n\n\n<p>Avocat Montreal periodically reviews its compliance with this policy. Please feel free to address any questions or concerns you may have regarding this policy or Montreal Lawyer&#8217;s treatment of personal information by contacting us through this website or by emailing us at contact@avocat-montreal.ca.<\/p>\n\n\n\n<p>When we\nreceive formal written complaints at this address, it is Avocat Montreal&#8217;s policy to\nPolicy is to contact the complaining user about their concerns\nconcerns.<\/p>\n\n\n\n<p>We\ncooperate with the appropriate regulatory authorities, including local data protection\nincluding local data protection authorities, to resolve all complaints regarding the transfer of\ntransfer of personal data that cannot be resolved between Montreal Lawyer and an\nresolved between Montreal Lawyer and an individual.<\/p>\n\n\n\n<p><strong>8. Do Not Track&#8221; Signals<\/strong><\/p>\n\n\n\n<p>Do Not Track\nis a privacy preference that users can set in their web browser\nset in their web browser. When a user activates the\nSignal, the browser sends a message to websites asking them to\nnot to track the user. At this time, we do not respond to\ndo Not Track browser settings or signals.<\/p>\n\n\n\n<p><strong>9. Changes to this policy<\/strong><\/p>\n\n\n\n<p>Please note that this privacy policy may change from time to time. We will post all policy changes on this page and, if the changes are material, we will provide a more prominent notice (including, for certain services, email notification of policy changes). Each version of this Privacy Policy will be identified at the top of the page by its effective date, and we will also maintain prior versions of this Policy in an archive for your review.<\/p>\n\n\n\n<p><\/p>\n","protected":false},"excerpt":{"rendered":"<p>Your privacy is privacy is important to us. To better protect your privacy, we provide this privacy policy to explain our online information information practices and the choices you can make about the way your information is information is collected and processed. This privacy policy applies to all information collected or submitted to Avocat Montreal. [&hellip;]<\/p>\n","protected":false},"author":53,"featured_media":0,"parent":0,"menu_order":0,"comment_status":"closed","ping_status":"open","template":"","meta":{"footnotes":""},"class_list":["post-2900","page","type-page","status-publish","hentry"],"yoast_head":"<!-- This site is optimized with the Yoast SEO plugin v27.5 - https:\/\/yoast.com\/product\/yoast-seo-wordpress\/ -->\n<title>Privacy Policy<\/title>\n<!-- Admin only notice: this page does not show a meta description because it does not have one, either write it for this page specifically or go into the [Yoast SEO - Settings] menu and set up a template. -->\n<meta name=\"robots\" content=\"index, follow, max-snippet:-1, max-image-preview:large, max-video-preview:-1\" \/>\n<link rel=\"canonical\" href=\"https:\/\/avocat-montreal.ca\/en\/privacy-policy\/\" \/>\n<meta property=\"og:locale\" content=\"fr_FR\" \/>\n<meta property=\"og:type\" content=\"article\" \/>\n<meta property=\"og:title\" content=\"Privacy Policy\" \/>\n<meta property=\"og:description\" content=\"Your privacy is privacy is important to us. To better protect your privacy, we provide this privacy policy to explain our online information information practices and the choices you can make about the way your information is information is collected and processed. This privacy policy applies to all information collected or submitted to Avocat Montreal. [&hellip;]\" \/>\n<meta property=\"og:url\" content=\"https:\/\/avocat-montreal.ca\/en\/privacy-policy\/\" \/>\n<meta property=\"og:site_name\" content=\"AM\" \/>\n<meta property=\"article:modified_time\" content=\"2023-05-07T10:22:28+00:00\" \/>\n<meta name=\"twitter:card\" content=\"summary_large_image\" \/>\n<script type=\"application\/ld+json\" class=\"yoast-schema-graph\">{\"@context\":\"https:\\\/\\\/schema.org\",\"@graph\":[{\"@type\":\"WebPage\",\"@id\":\"https:\\\/\\\/avocat-montreal.ca\\\/en\\\/privacy-policy\\\/\",\"url\":\"https:\\\/\\\/avocat-montreal.ca\\\/en\\\/privacy-policy\\\/\",\"name\":\"Privacy Policy\",\"isPartOf\":{\"@id\":\"https:\\\/\\\/avocat-montreal.ca\\\/#website\"},\"datePublished\":\"2019-12-24T11:24:17+00:00\",\"dateModified\":\"2023-05-07T10:22:28+00:00\",\"breadcrumb\":{\"@id\":\"https:\\\/\\\/avocat-montreal.ca\\\/en\\\/privacy-policy\\\/#breadcrumb\"},\"inLanguage\":\"fr\",\"potentialAction\":[{\"@type\":\"ReadAction\",\"target\":[\"https:\\\/\\\/avocat-montreal.ca\\\/en\\\/privacy-policy\\\/\"]}]},{\"@type\":\"BreadcrumbList\",\"@id\":\"https:\\\/\\\/avocat-montreal.ca\\\/en\\\/privacy-policy\\\/#breadcrumb\",\"itemListElement\":[{\"@type\":\"ListItem\",\"position\":1,\"name\":\"Avocat Montr\u00e9al\",\"item\":\"https:\\\/\\\/avocat-montreal.ca\\\/en\\\/\"},{\"@type\":\"ListItem\",\"position\":2,\"name\":\"Privacy Policy\"}]},{\"@type\":\"WebSite\",\"@id\":\"https:\\\/\\\/avocat-montreal.ca\\\/#website\",\"url\":\"https:\\\/\\\/avocat-montreal.ca\\\/\",\"name\":\"AM\",\"description\":\"\",\"publisher\":{\"@id\":\"https:\\\/\\\/avocat-montreal.ca\\\/#organization\"},\"potentialAction\":[{\"@type\":\"SearchAction\",\"target\":{\"@type\":\"EntryPoint\",\"urlTemplate\":\"https:\\\/\\\/avocat-montreal.ca\\\/?s={search_term_string}\"},\"query-input\":{\"@type\":\"PropertyValueSpecification\",\"valueRequired\":true,\"valueName\":\"search_term_string\"}}],\"inLanguage\":\"fr\"},{\"@type\":\"Organization\",\"@id\":\"https:\\\/\\\/avocat-montreal.ca\\\/#organization\",\"name\":\"Avocat Montreal\",\"url\":\"https:\\\/\\\/avocat-montreal.ca\\\/\",\"logo\":{\"@type\":\"ImageObject\",\"inLanguage\":\"fr\",\"@id\":\"https:\\\/\\\/avocat-montreal.ca\\\/#\\\/schema\\\/logo\\\/image\\\/\",\"url\":\"https:\\\/\\\/avocat-montreal.ca\\\/wp-content\\\/uploads\\\/2020\\\/01\\\/cropped-Background-copy-2.png\",\"contentUrl\":\"https:\\\/\\\/avocat-montreal.ca\\\/wp-content\\\/uploads\\\/2020\\\/01\\\/cropped-Background-copy-2.png\",\"width\":305,\"height\":123,\"caption\":\"Avocat Montreal\"},\"image\":{\"@id\":\"https:\\\/\\\/avocat-montreal.ca\\\/#\\\/schema\\\/logo\\\/image\\\/\"}}]}<\/script>\n<!-- \/ Yoast SEO plugin. -->","yoast_head_json":{"title":"Privacy Policy","robots":{"index":"index","follow":"follow","max-snippet":"max-snippet:-1","max-image-preview":"max-image-preview:large","max-video-preview":"max-video-preview:-1"},"canonical":"https:\/\/avocat-montreal.ca\/en\/privacy-policy\/","og_locale":"fr_FR","og_type":"article","og_title":"Privacy Policy","og_description":"Your privacy is privacy is important to us. To better protect your privacy, we provide this privacy policy to explain our online information information practices and the choices you can make about the way your information is information is collected and processed. This privacy policy applies to all information collected or submitted to Avocat Montreal. [&hellip;]","og_url":"https:\/\/avocat-montreal.ca\/en\/privacy-policy\/","og_site_name":"AM","article_modified_time":"2023-05-07T10:22:28+00:00","twitter_card":"summary_large_image","schema":{"@context":"https:\/\/schema.org","@graph":[{"@type":"WebPage","@id":"https:\/\/avocat-montreal.ca\/en\/privacy-policy\/","url":"https:\/\/avocat-montreal.ca\/en\/privacy-policy\/","name":"Privacy Policy","isPartOf":{"@id":"https:\/\/avocat-montreal.ca\/#website"},"datePublished":"2019-12-24T11:24:17+00:00","dateModified":"2023-05-07T10:22:28+00:00","breadcrumb":{"@id":"https:\/\/avocat-montreal.ca\/en\/privacy-policy\/#breadcrumb"},"inLanguage":"fr","potentialAction":[{"@type":"ReadAction","target":["https:\/\/avocat-montreal.ca\/en\/privacy-policy\/"]}]},{"@type":"BreadcrumbList","@id":"https:\/\/avocat-montreal.ca\/en\/privacy-policy\/#breadcrumb","itemListElement":[{"@type":"ListItem","position":1,"name":"Avocat Montr\u00e9al","item":"https:\/\/avocat-montreal.ca\/en\/"},{"@type":"ListItem","position":2,"name":"Privacy Policy"}]},{"@type":"WebSite","@id":"https:\/\/avocat-montreal.ca\/#website","url":"https:\/\/avocat-montreal.ca\/","name":"AM","description":"","publisher":{"@id":"https:\/\/avocat-montreal.ca\/#organization"},"potentialAction":[{"@type":"SearchAction","target":{"@type":"EntryPoint","urlTemplate":"https:\/\/avocat-montreal.ca\/?s={search_term_string}"},"query-input":{"@type":"PropertyValueSpecification","valueRequired":true,"valueName":"search_term_string"}}],"inLanguage":"fr"},{"@type":"Organization","@id":"https:\/\/avocat-montreal.ca\/#organization","name":"Avocat Montreal","url":"https:\/\/avocat-montreal.ca\/","logo":{"@type":"ImageObject","inLanguage":"fr","@id":"https:\/\/avocat-montreal.ca\/#\/schema\/logo\/image\/","url":"https:\/\/avocat-montreal.ca\/wp-content\/uploads\/2020\/01\/cropped-Background-copy-2.png","contentUrl":"https:\/\/avocat-montreal.ca\/wp-content\/uploads\/2020\/01\/cropped-Background-copy-2.png","width":305,"height":123,"caption":"Avocat Montreal"},"image":{"@id":"https:\/\/avocat-montreal.ca\/#\/schema\/logo\/image\/"}}]}},"_links":{"self":[{"href":"https:\/\/avocat-montreal.ca\/en\/wp-json\/wp\/v2\/pages\/2900","targetHints":{"allow":["GET","POST","PUT","PATCH","DELETE"]}}],"collection":[{"href":"https:\/\/avocat-montreal.ca\/en\/wp-json\/wp\/v2\/pages"}],"about":[{"href":"https:\/\/avocat-montreal.ca\/en\/wp-json\/wp\/v2\/types\/page"}],"author":[{"embeddable":true,"href":"https:\/\/avocat-montreal.ca\/en\/wp-json\/wp\/v2\/users\/53"}],"replies":[{"embeddable":true,"href":"https:\/\/avocat-montreal.ca\/en\/wp-json\/wp\/v2\/comments?post=2900"}],"version-history":[{"count":2,"href":"https:\/\/avocat-montreal.ca\/en\/wp-json\/wp\/v2\/pages\/2900\/revisions"}],"predecessor-version":[{"id":2904,"href":"https:\/\/avocat-montreal.ca\/en\/wp-json\/wp\/v2\/pages\/2900\/revisions\/2904"}],"wp:attachment":[{"href":"https:\/\/avocat-montreal.ca\/en\/wp-json\/wp\/v2\/media?parent=2900"}],"curies":[{"name":"wp","href":"https:\/\/api.w.org\/{rel}","templated":true}]}}