{"id":2901,"date":"2022-03-15T13:01:22","date_gmt":"2022-03-15T13:01:22","guid":{"rendered":"https:\/\/avocat-montreal.ca\/?page_id=2901"},"modified":"2023-05-07T10:22:27","modified_gmt":"2023-05-07T10:22:27","slug":"contact-with-lawyer","status":"publish","type":"page","link":"https:\/\/avocat-montreal.ca\/en\/contact-with-lawyer\/","title":{"rendered":"Contacting a lawyer"},"content":{"rendered":"\t\t<div data-elementor-type=\"wp-page\" data-elementor-id=\"2901\" class=\"elementor elementor-2901\">\n\t\t\t\t\t\t<section class=\"elementor-section elementor-top-section elementor-element elementor-element-ab0d434 elementor-section-boxed elementor-section-height-default elementor-section-height-default\" data-id=\"ab0d434\" data-element_type=\"section\" data-e-type=\"section\">\n\t\t\t\t\t\t<div class=\"elementor-container elementor-column-gap-default\">\n\t\t\t\t\t<div class=\"elementor-column elementor-col-100 elementor-top-column elementor-element elementor-element-ef313ed\" data-id=\"ef313ed\" data-element_type=\"column\" data-e-type=\"column\">\n\t\t\t<div class=\"elementor-widget-wrap elementor-element-populated\">\n\t\t\t\t\t\t<div class=\"elementor-element elementor-element-7380845 elementor-widget elementor-widget-heading\" data-id=\"7380845\" data-element_type=\"widget\" data-e-type=\"widget\" data-widget_type=\"heading.default\">\n\t\t\t\t<div class=\"elementor-widget-container\">\n\t\t\t\t\t<h2 class=\"elementor-heading-title elementor-size-default\">Et la suite ?<\/h2>\t\t\t\t<\/div>\n\t\t\t\t<\/div>\n\t\t\t\t\t<\/div>\n\t\t<\/div>\n\t\t\t\t\t<\/div>\n\t\t<\/section>\n\t\t\t\t<section class=\"elementor-section elementor-top-section elementor-element elementor-element-3d19393 elementor-section-boxed elementor-section-height-default elementor-section-height-default\" data-id=\"3d19393\" data-element_type=\"section\" data-e-type=\"section\">\n\t\t\t\t\t\t<div class=\"elementor-container elementor-column-gap-wide\">\n\t\t\t\t\t<div class=\"elementor-column elementor-col-33 elementor-top-column elementor-element elementor-element-c5391b6\" data-id=\"c5391b6\" data-element_type=\"column\" data-e-type=\"column\" data-settings=\"{&quot;background_background&quot;:&quot;classic&quot;}\">\n\t\t\t<div class=\"elementor-widget-wrap elementor-element-populated\">\n\t\t\t\t\t\t<div class=\"elementor-element elementor-element-71473db elementor-view-default elementor-position-block-start elementor-mobile-position-block-start elementor-widget elementor-widget-icon-box\" data-id=\"71473db\" data-element_type=\"widget\" data-e-type=\"widget\" data-widget_type=\"icon-box.default\">\n\t\t\t\t<div class=\"elementor-widget-container\">\n\t\t\t\t\t\t\t<div class=\"elementor-icon-box-wrapper\">\n\n\t\t\t\t\t\t<div class=\"elementor-icon-box-icon\">\n\t\t\t\t<span  class=\"elementor-icon\">\n\t\t\t\t<svg aria-hidden=\"true\" class=\"e-font-icon-svg e-fas-search\" viewBox=\"0 0 512 512\" xmlns=\"http:\/\/www.w3.org\/2000\/svg\"><path d=\"M505 442.7L405.3 343c-4.5-4.5-10.6-7-17-7H372c27.6-35.3 44-79.7 44-128C416 93.1 322.9 0 208 0S0 93.1 0 208s93.1 208 208 208c48.3 0 92.7-16.4 128-44v16.3c0 6.4 2.5 12.5 7 17l99.7 99.7c9.4 9.4 24.6 9.4 33.9 0l28.3-28.3c9.4-9.4 9.4-24.6.1-34zM208 336c-70.7 0-128-57.2-128-128 0-70.7 57.2-128 128-128 70.7 0 128 57.2 128 128 0 70.7-57.2 128-128 128z\"><\/path><\/svg>\t\t\t\t<\/span>\n\t\t\t<\/div>\n\t\t\t\n\t\t\t\t\t\t<div class=\"elementor-icon-box-content\">\n\n\t\t\t\t\t\t\t\t\t<h3 class=\"elementor-icon-box-title\">\n\t\t\t\t\t\t<span  >\n\t\t\t\t\t\t\tLa recherch\u00e9 est lanc\u00e9e\t\t\t\t\t\t<\/span>\n\t\t\t\t\t<\/h3>\n\t\t\t\t\n\t\t\t\t\t\t\t\t\t<p class=\"elementor-icon-box-description\">\n\t\t\t\t\t\tNous contactons des avocats pour vous et adapt\u00e9 \u00e0 votre probl\u00e9matique\t\t\t\t\t<\/p>\n\t\t\t\t\n\t\t\t<\/div>\n\t\t\t\n\t\t<\/div>\n\t\t\t\t\t\t<\/div>\n\t\t\t\t<\/div>\n\t\t\t\t\t<\/div>\n\t\t<\/div>\n\t\t\t\t<div class=\"elementor-column elementor-col-33 elementor-top-column elementor-element elementor-element-c0f0547\" data-id=\"c0f0547\" data-element_type=\"column\" data-e-type=\"column\" data-settings=\"{&quot;background_background&quot;:&quot;classic&quot;}\">\n\t\t\t<div class=\"elementor-widget-wrap elementor-element-populated\">\n\t\t\t\t\t\t<div class=\"elementor-element elementor-element-4901847 elementor-view-default elementor-position-block-start elementor-mobile-position-block-start elementor-widget elementor-widget-icon-box\" data-id=\"4901847\" data-element_type=\"widget\" data-e-type=\"widget\" data-widget_type=\"icon-box.default\">\n\t\t\t\t<div class=\"elementor-widget-container\">\n\t\t\t\t\t\t\t<div class=\"elementor-icon-box-wrapper\">\n\n\t\t\t\t\t\t<div class=\"elementor-icon-box-icon\">\n\t\t\t\t<span  class=\"elementor-icon\">\n\t\t\t\t<svg aria-hidden=\"true\" class=\"e-font-icon-svg e-far-paper-plane\" viewBox=\"0 0 512 512\" xmlns=\"http:\/\/www.w3.org\/2000\/svg\"><path d=\"M440 6.5L24 246.4c-34.4 19.9-31.1 70.8 5.7 85.9L144 379.6V464c0 46.4 59.2 65.5 86.6 28.6l43.8-59.1 111.9 46.2c5.9 2.4 12.1 3.6 18.3 3.6 8.2 0 16.3-2.1 23.6-6.2 12.8-7.2 21.6-20 23.9-34.5l59.4-387.2c6.1-40.1-36.9-68.8-71.5-48.9zM192 464v-64.6l36.6 15.1L192 464zm212.6-28.7l-153.8-63.5L391 169.5c10.7-15.5-9.5-33.5-23.7-21.2L155.8 332.6 48 288 464 48l-59.4 387.3z\"><\/path><\/svg>\t\t\t\t<\/span>\n\t\t\t<\/div>\n\t\t\t\n\t\t\t\t\t\t<div class=\"elementor-icon-box-content\">\n\n\t\t\t\t\t\t\t\t\t<h3 class=\"elementor-icon-box-title\">\n\t\t\t\t\t\t<span  >\n\t\t\t\t\t\t\tPrise de contact\t\t\t\t\t\t<\/span>\n\t\t\t\t\t<\/h3>\n\t\t\t\t\n\t\t\t\t\t\t\t\t\t<p class=\"elementor-icon-box-description\">\n\t\t\t\t\t\tUn ou plusieurs avocats vous contactera\t\t\t\t\t<\/p>\n\t\t\t\t\n\t\t\t<\/div>\n\t\t\t\n\t\t<\/div>\n\t\t\t\t\t\t<\/div>\n\t\t\t\t<\/div>\n\t\t\t\t\t<\/div>\n\t\t<\/div>\n\t\t\t\t<div class=\"elementor-column elementor-col-33 elementor-top-column elementor-element elementor-element-91d3052\" data-id=\"91d3052\" data-element_type=\"column\" data-e-type=\"column\" data-settings=\"{&quot;background_background&quot;:&quot;classic&quot;}\">\n\t\t\t<div class=\"elementor-widget-wrap elementor-element-populated\">\n\t\t\t\t\t\t<div class=\"elementor-element elementor-element-8dd5ea7 elementor-view-default elementor-position-block-start elementor-mobile-position-block-start elementor-widget elementor-widget-icon-box\" data-id=\"8dd5ea7\" data-element_type=\"widget\" data-e-type=\"widget\" data-widget_type=\"icon-box.default\">\n\t\t\t\t<div class=\"elementor-widget-container\">\n\t\t\t\t\t\t\t<div class=\"elementor-icon-box-wrapper\">\n\n\t\t\t\t\t\t<div class=\"elementor-icon-box-icon\">\n\t\t\t\t<span  class=\"elementor-icon\">\n\t\t\t\t<svg aria-hidden=\"true\" class=\"e-font-icon-svg e-far-angry\" viewBox=\"0 0 496 512\" xmlns=\"http:\/\/www.w3.org\/2000\/svg\"><path d=\"M248 8C111 8 0 119 0 256s111 248 248 248 248-111 248-248S385 8 248 8zm0 448c-110.3 0-200-89.7-200-200S137.7 56 248 56s200 89.7 200 200-89.7 200-200 200zm0-144c-33.6 0-65.2 14.8-86.8 40.6-8.5 10.2-7.1 25.3 3.1 33.8s25.3 7.2 33.8-3c24.8-29.7 75-29.7 99.8 0 8.1 9.7 23.2 11.9 33.8 3 10.2-8.5 11.5-23.6 3.1-33.8-21.6-25.8-53.2-40.6-86.8-40.6zm-48-72c10.3 0 19.9-6.7 23-17.1 3.8-12.7-3.4-26.1-16.1-29.9l-80-24c-12.8-3.9-26.1 3.4-29.9 16.1-3.8 12.7 3.4 26.1 16.1 29.9l28.2 8.5c-3.1 4.9-5.3 10.4-5.3 16.6 0 17.7 14.3 32 32 32s32-14.4 32-32.1zm199-54.9c-3.8-12.7-17.1-19.9-29.9-16.1l-80 24c-12.7 3.8-19.9 17.2-16.1 29.9 3.1 10.4 12.7 17.1 23 17.1 0 17.7 14.3 32 32 32s32-14.3 32-32c0-6.2-2.2-11.7-5.3-16.6l28.2-8.5c12.7-3.7 19.9-17.1 16.1-29.8z\"><\/path><\/svg>\t\t\t\t<\/span>\n\t\t\t<\/div>\n\t\t\t\n\t\t\t\t\t\t<div class=\"elementor-icon-box-content\">\n\n\t\t\t\t\t\t\t\t\t<h3 class=\"elementor-icon-box-title\">\n\t\t\t\t\t\t<span  >\n\t\t\t\t\t\t\tToujours pas de r\u00e9ponse ?\t\t\t\t\t\t<\/span>\n\t\t\t\t\t<\/h3>\n\t\t\t\t\n\t\t\t\t\t\t\t\t\t<p class=\"elementor-icon-box-description\">\n\t\t\t\t\t\tSi vous n'avez aucune r\u00e9ponse d'un ou plusieurs avocats nous relan\u00e7ons la processus de lancement !\t\t\t\t\t<\/p>\n\t\t\t\t\n\t\t\t<\/div>\n\t\t\t\n\t\t<\/div>\n\t\t\t\t\t\t<\/div>\n\t\t\t\t<\/div>\n\t\t\t\t\t<\/div>\n\t\t<\/div>\n\t\t\t\t\t<\/div>\n\t\t<\/section>\n\t\t\t\t<section class=\"elementor-section elementor-top-section elementor-element elementor-element-3ad8728 elementor-section-boxed elementor-section-height-default elementor-section-height-default\" data-id=\"3ad8728\" data-element_type=\"section\" data-e-type=\"section\">\n\t\t\t\t\t\t<div class=\"elementor-container elementor-column-gap-default\">\n\t\t\t\t\t<div class=\"elementor-column elementor-col-100 elementor-top-column elementor-element elementor-element-ce7be90\" data-id=\"ce7be90\" data-element_type=\"column\" data-e-type=\"column\">\n\t\t\t<div class=\"elementor-widget-wrap elementor-element-populated\">\n\t\t\t\t\t\t<div class=\"elementor-element elementor-element-d993a81 elementor-widget elementor-widget-text-editor\" data-id=\"d993a81\" data-element_type=\"widget\" data-e-type=\"widget\" data-widget_type=\"text-editor.default\">\n\t\t\t\t<div class=\"elementor-widget-container\">\n\t\t\t\t\t\t\t\t\t<p>En attendant, veuillez lire nos <a href=\"https:\/\/avocat-montreal.ca\/conseils-juridiques-litiges\/\">conseils juridiques<\/a> pour mieux comprendre comment r\u00e9soudre votre conflit.<\/p><p>Sinon, vous pouvez nous envoyer des propositions d&#8217;articles pour r\u00e9soudre des litiges. Cela aidera la communaut\u00e9 \u00e0 mieux comprendre ses droits.<\/p>\t\t\t\t\t\t\t\t<\/div>\n\t\t\t\t<\/div>\n\t\t\t\t\t<\/div>\n\t\t<\/div>\n\t\t\t\t\t<\/div>\n\t\t<\/section>\n\t\t\t\t<\/div>\n\t\t","protected":false},"excerpt":{"rendered":"<p>What next? The search is on We contact lawyers for you and adapted to your problematic Make contact One or more lawyers will contact you Still no answer? If you have no answer from one or more lawyers we will restart the launching process! In the meantime, please read our legal tips to better understand [&hellip;]<\/p>\n","protected":false},"author":53,"featured_media":0,"parent":0,"menu_order":0,"comment_status":"closed","ping_status":"closed","template":"","meta":{"footnotes":""},"class_list":["post-2901","page","type-page","status-publish","hentry"],"yoast_head":"<!-- This site is optimized with the Yoast SEO plugin v27.5 - https:\/\/yoast.com\/product\/yoast-seo-wordpress\/ -->\n<title>Contacting a lawyer<\/title>\n<!-- Admin only notice: this page does not show a meta description because it does not have one, either write it for this page specifically or go into the [Yoast SEO - Settings] menu and set up a template. -->\n<meta name=\"robots\" content=\"index, follow, max-snippet:-1, max-image-preview:large, max-video-preview:-1\" \/>\n<link rel=\"canonical\" href=\"https:\/\/avocat-montreal.ca\/en\/contact-with-lawyer\/\" \/>\n<meta property=\"og:locale\" content=\"fr_FR\" \/>\n<meta property=\"og:type\" content=\"article\" \/>\n<meta property=\"og:title\" content=\"Contacting a lawyer\" \/>\n<meta property=\"og:description\" content=\"What next? The search is on We contact lawyers for you and adapted to your problematic Make contact One or more lawyers will contact you Still no answer? If you have no answer from one or more lawyers we will restart the launching process! In the meantime, please read our legal tips to better understand [&hellip;]\" \/>\n<meta property=\"og:url\" content=\"https:\/\/avocat-montreal.ca\/en\/contact-with-lawyer\/\" \/>\n<meta property=\"og:site_name\" content=\"AM\" \/>\n<meta property=\"article:modified_time\" content=\"2023-05-07T10:22:27+00:00\" \/>\n<meta name=\"twitter:card\" content=\"summary_large_image\" \/>\n<script type=\"application\/ld+json\" class=\"yoast-schema-graph\">{\"@context\":\"https:\\\/\\\/schema.org\",\"@graph\":[{\"@type\":\"WebPage\",\"@id\":\"https:\\\/\\\/avocat-montreal.ca\\\/en\\\/contact-with-lawyer\\\/\",\"url\":\"https:\\\/\\\/avocat-montreal.ca\\\/en\\\/contact-with-lawyer\\\/\",\"name\":\"Contacting a lawyer\",\"isPartOf\":{\"@id\":\"https:\\\/\\\/avocat-montreal.ca\\\/#website\"},\"datePublished\":\"2022-03-15T13:01:22+00:00\",\"dateModified\":\"2023-05-07T10:22:27+00:00\",\"breadcrumb\":{\"@id\":\"https:\\\/\\\/avocat-montreal.ca\\\/en\\\/contact-with-lawyer\\\/#breadcrumb\"},\"inLanguage\":\"fr\",\"potentialAction\":[{\"@type\":\"ReadAction\",\"target\":[\"https:\\\/\\\/avocat-montreal.ca\\\/en\\\/contact-with-lawyer\\\/\"]}]},{\"@type\":\"BreadcrumbList\",\"@id\":\"https:\\\/\\\/avocat-montreal.ca\\\/en\\\/contact-with-lawyer\\\/#breadcrumb\",\"itemListElement\":[{\"@type\":\"ListItem\",\"position\":1,\"name\":\"Avocat Montr\u00e9al\",\"item\":\"https:\\\/\\\/avocat-montreal.ca\\\/en\\\/\"},{\"@type\":\"ListItem\",\"position\":2,\"name\":\"Contacting a lawyer\"}]},{\"@type\":\"WebSite\",\"@id\":\"https:\\\/\\\/avocat-montreal.ca\\\/#website\",\"url\":\"https:\\\/\\\/avocat-montreal.ca\\\/\",\"name\":\"AM\",\"description\":\"\",\"publisher\":{\"@id\":\"https:\\\/\\\/avocat-montreal.ca\\\/#organization\"},\"potentialAction\":[{\"@type\":\"SearchAction\",\"target\":{\"@type\":\"EntryPoint\",\"urlTemplate\":\"https:\\\/\\\/avocat-montreal.ca\\\/?s={search_term_string}\"},\"query-input\":{\"@type\":\"PropertyValueSpecification\",\"valueRequired\":true,\"valueName\":\"search_term_string\"}}],\"inLanguage\":\"fr\"},{\"@type\":\"Organization\",\"@id\":\"https:\\\/\\\/avocat-montreal.ca\\\/#organization\",\"name\":\"Avocat Montreal\",\"url\":\"https:\\\/\\\/avocat-montreal.ca\\\/\",\"logo\":{\"@type\":\"ImageObject\",\"inLanguage\":\"fr\",\"@id\":\"https:\\\/\\\/avocat-montreal.ca\\\/#\\\/schema\\\/logo\\\/image\\\/\",\"url\":\"https:\\\/\\\/avocat-montreal.ca\\\/wp-content\\\/uploads\\\/2020\\\/01\\\/cropped-Background-copy-2.png\",\"contentUrl\":\"https:\\\/\\\/avocat-montreal.ca\\\/wp-content\\\/uploads\\\/2020\\\/01\\\/cropped-Background-copy-2.png\",\"width\":305,\"height\":123,\"caption\":\"Avocat Montreal\"},\"image\":{\"@id\":\"https:\\\/\\\/avocat-montreal.ca\\\/#\\\/schema\\\/logo\\\/image\\\/\"}}]}<\/script>\n<!-- \/ Yoast SEO plugin. -->","yoast_head_json":{"title":"Contacting a lawyer","robots":{"index":"index","follow":"follow","max-snippet":"max-snippet:-1","max-image-preview":"max-image-preview:large","max-video-preview":"max-video-preview:-1"},"canonical":"https:\/\/avocat-montreal.ca\/en\/contact-with-lawyer\/","og_locale":"fr_FR","og_type":"article","og_title":"Contacting a lawyer","og_description":"What next? The search is on We contact lawyers for you and adapted to your problematic Make contact One or more lawyers will contact you Still no answer? If you have no answer from one or more lawyers we will restart the launching process! In the meantime, please read our legal tips to better understand [&hellip;]","og_url":"https:\/\/avocat-montreal.ca\/en\/contact-with-lawyer\/","og_site_name":"AM","article_modified_time":"2023-05-07T10:22:27+00:00","twitter_card":"summary_large_image","schema":{"@context":"https:\/\/schema.org","@graph":[{"@type":"WebPage","@id":"https:\/\/avocat-montreal.ca\/en\/contact-with-lawyer\/","url":"https:\/\/avocat-montreal.ca\/en\/contact-with-lawyer\/","name":"Contacting a lawyer","isPartOf":{"@id":"https:\/\/avocat-montreal.ca\/#website"},"datePublished":"2022-03-15T13:01:22+00:00","dateModified":"2023-05-07T10:22:27+00:00","breadcrumb":{"@id":"https:\/\/avocat-montreal.ca\/en\/contact-with-lawyer\/#breadcrumb"},"inLanguage":"fr","potentialAction":[{"@type":"ReadAction","target":["https:\/\/avocat-montreal.ca\/en\/contact-with-lawyer\/"]}]},{"@type":"BreadcrumbList","@id":"https:\/\/avocat-montreal.ca\/en\/contact-with-lawyer\/#breadcrumb","itemListElement":[{"@type":"ListItem","position":1,"name":"Avocat Montr\u00e9al","item":"https:\/\/avocat-montreal.ca\/en\/"},{"@type":"ListItem","position":2,"name":"Contacting a lawyer"}]},{"@type":"WebSite","@id":"https:\/\/avocat-montreal.ca\/#website","url":"https:\/\/avocat-montreal.ca\/","name":"AM","description":"","publisher":{"@id":"https:\/\/avocat-montreal.ca\/#organization"},"potentialAction":[{"@type":"SearchAction","target":{"@type":"EntryPoint","urlTemplate":"https:\/\/avocat-montreal.ca\/?s={search_term_string}"},"query-input":{"@type":"PropertyValueSpecification","valueRequired":true,"valueName":"search_term_string"}}],"inLanguage":"fr"},{"@type":"Organization","@id":"https:\/\/avocat-montreal.ca\/#organization","name":"Avocat Montreal","url":"https:\/\/avocat-montreal.ca\/","logo":{"@type":"ImageObject","inLanguage":"fr","@id":"https:\/\/avocat-montreal.ca\/#\/schema\/logo\/image\/","url":"https:\/\/avocat-montreal.ca\/wp-content\/uploads\/2020\/01\/cropped-Background-copy-2.png","contentUrl":"https:\/\/avocat-montreal.ca\/wp-content\/uploads\/2020\/01\/cropped-Background-copy-2.png","width":305,"height":123,"caption":"Avocat Montreal"},"image":{"@id":"https:\/\/avocat-montreal.ca\/#\/schema\/logo\/image\/"}}]}},"_links":{"self":[{"href":"https:\/\/avocat-montreal.ca\/en\/wp-json\/wp\/v2\/pages\/2901","targetHints":{"allow":["GET","POST","PUT","PATCH","DELETE"]}}],"collection":[{"href":"https:\/\/avocat-montreal.ca\/en\/wp-json\/wp\/v2\/pages"}],"about":[{"href":"https:\/\/avocat-montreal.ca\/en\/wp-json\/wp\/v2\/types\/page"}],"author":[{"embeddable":true,"href":"https:\/\/avocat-montreal.ca\/en\/wp-json\/wp\/v2\/users\/53"}],"replies":[{"embeddable":true,"href":"https:\/\/avocat-montreal.ca\/en\/wp-json\/wp\/v2\/comments?post=2901"}],"version-history":[{"count":3,"href":"https:\/\/avocat-montreal.ca\/en\/wp-json\/wp\/v2\/pages\/2901\/revisions"}],"predecessor-version":[{"id":2906,"href":"https:\/\/avocat-montreal.ca\/en\/wp-json\/wp\/v2\/pages\/2901\/revisions\/2906"}],"wp:attachment":[{"href":"https:\/\/avocat-montreal.ca\/en\/wp-json\/wp\/v2\/media?parent=2901"}],"curies":[{"name":"wp","href":"https:\/\/api.w.org\/{rel}","templated":true}]}}